{"id":197,"date":"2020-06-05T13:19:59","date_gmt":"2020-06-05T11:19:59","guid":{"rendered":"http:\/\/altomint.com\/?page_id=197"},"modified":"2025-04-03T13:35:21","modified_gmt":"2025-04-03T11:35:21","slug":"welcome","status":"publish","type":"page","link":"https:\/\/altomint.com\/","title":{"rendered":""},"content":{"rendered":"\n<figure class=\"wp-block-image size-medium is-resized\"><img loading=\"lazy\" decoding=\"async\" width=\"300\" height=\"123\" src=\"https:\/\/altomint.com\/wp-content\/uploads\/2020\/01\/cropped-1911-Logo-Altomint-avec-slogan-v3-300x123.jpg\" alt=\"\" class=\"wp-image-43\" style=\"width:278px;height:auto\" srcset=\"https:\/\/altomint.com\/wp-content\/uploads\/2020\/01\/cropped-1911-Logo-Altomint-avec-slogan-v3-300x123.jpg 300w, https:\/\/altomint.com\/wp-content\/uploads\/2020\/01\/cropped-1911-Logo-Altomint-avec-slogan-v3.jpg 609w\" sizes=\"auto, (max-width: 300px) 100vw, 300px\" \/><\/figure>\n\n\n\n<figure class=\"wp-block-image size-large is-resized\"><img loading=\"lazy\" decoding=\"async\" width=\"259\" height=\"152\" src=\"http:\/\/altomint.com\/wp-content\/uploads\/2020\/06\/image.png\" alt=\"\" class=\"wp-image-198\" style=\"width:145px;height:85px\"\/><\/figure>\n\n\n\n<p>. Vous souhaitez c\u00e9der votre entreprise ou vous cherchez \u00e0 acqu\u00e9rir une entreprise ?<br>. Vous recherchez un accompagnement dans le d\u00e9veloppement de votre entreprise?<br>. Vous souhaitez booster vos d\u00e9marches commerciales en France et \u00e0 l&#8217;export ?<\/p>\n\n\n\n<p><strong>Echangeons en toute confidentialit\u00e9.<\/strong><br>Contactez-moi par email \u00e0 <a href=\"mailto:thierry@altomint.com\">thierry@altomint.com<\/a> &#8211; Thierry HALLER &#8211; ALTOMINT SAS<\/p>\n\n\n\n<figure class=\"wp-block-image size-large is-resized\"><img loading=\"lazy\" decoding=\"async\" width=\"250\" height=\"152\" src=\"http:\/\/altomint.com\/wp-content\/uploads\/2020\/06\/image-1.png\" alt=\"\" class=\"wp-image-200\" style=\"width:135px;height:82px\"\/><\/figure>\n\n\n\n<p>. Looking for some strategical advices ?<br>. Looking for orientations in these quickly moving markets and economical uncertainty?<br>. Looking to sell your business, or acquire businesses ?<\/p>\n\n\n\n<p><strong>Let\u2019s talk in full confidentiality !<\/strong><br>Drop me an email at <a href=\"mailto:thierry@altomint.com\">thierry@altomint.com<\/a> &#8211; Thierry HALLER &#8211; ALTOMINT SAS<\/p>\n\n\n\n<p><\/p>\n\n\n\n<p><\/p>\n","protected":false},"excerpt":{"rendered":"<p>. Vous souhaitez c\u00e9der votre entreprise ou vous cherchez \u00e0 acqu\u00e9rir une entreprise ?. Vous recherchez un accompagnement dans le d\u00e9veloppement de votre entreprise?. Vous souhaitez booster vos d\u00e9marches commerciales en France et \u00e0 l&#8217;export ? Echangeons en toute confidentialit\u00e9.Contactez-moi par email \u00e0 thierry@altomint.com &#8211; Thierry HALLER &#8211; ALTOMINT SAS . Looking for some strategical &hellip; <\/p>\n<p class=\"link-more\"><a href=\"https:\/\/altomint.com\/\" class=\"more-link\">Continue reading<span class=\"screen-reader-text\"> &#8220;&#8221;<\/span><\/a><\/p>\n","protected":false},"author":1,"featured_media":0,"parent":0,"menu_order":0,"comment_status":"closed","ping_status":"closed","template":"","meta":{"footnotes":""},"class_list":["post-197","page","type-page","status-publish","hentry"],"_links":{"self":[{"href":"https:\/\/altomint.com\/index.php\/wp-json\/wp\/v2\/pages\/197","targetHints":{"allow":["GET"]}}],"collection":[{"href":"https:\/\/altomint.com\/index.php\/wp-json\/wp\/v2\/pages"}],"about":[{"href":"https:\/\/altomint.com\/index.php\/wp-json\/wp\/v2\/types\/page"}],"author":[{"embeddable":true,"href":"https:\/\/altomint.com\/index.php\/wp-json\/wp\/v2\/users\/1"}],"replies":[{"embeddable":true,"href":"https:\/\/altomint.com\/index.php\/wp-json\/wp\/v2\/comments?post=197"}],"version-history":[{"count":26,"href":"https:\/\/altomint.com\/index.php\/wp-json\/wp\/v2\/pages\/197\/revisions"}],"predecessor-version":[{"id":363,"href":"https:\/\/altomint.com\/index.php\/wp-json\/wp\/v2\/pages\/197\/revisions\/363"}],"wp:attachment":[{"href":"https:\/\/altomint.com\/index.php\/wp-json\/wp\/v2\/media?parent=197"}],"curies":[{"name":"wp","href":"https:\/\/api.w.org\/{rel}","templated":true}]}}